{"id":2,"date":"2015-02-19T04:39:32","date_gmt":"2015-02-19T04:39:32","guid":{"rendered":"http:\/\/localhost:8080\/wordpress-4.1.1\/wordpress\/?page_id=2"},"modified":"2020-07-13T06:39:50","modified_gmt":"2020-07-13T06:39:50","slug":"sample-page","status":"publish","type":"page","link":"https:\/\/erlijo.com\/","title":{"rendered":"Accueil"},"content":{"rendered":"<p><img loading=\"lazy\" decoding=\"async\" class=\"aligncenter size-full wp-image-24\" src=\"https:\/\/erlijo.com\/wordpress\/wp-content\/uploads\/Logo-ERLIJO-var-61.jpg\" alt=\"Logo-ERLIJO-var-6\" width=\"842\" height=\"595\" srcset=\"https:\/\/erlijo.com\/wordpress\/wp-content\/uploads\/Logo-ERLIJO-var-61.jpg 842w, https:\/\/erlijo.com\/wordpress\/wp-content\/uploads\/Logo-ERLIJO-var-61-300x212.jpg 300w\" sizes=\"auto, (max-width: 842px) 100vw, 842px\" \/><br \/>\n<a href=\"https:\/\/erlijo.com\/wordpress\/wp-content\/uploads\/erlijo-plan-situation.jpg\" target=\"new\" rel=\"attachment wp-att-73\"><img loading=\"lazy\" decoding=\"async\" class=\"aligncenter size-large wp-image-73\" src=\"https:\/\/erlijo.com\/wordpress\/wp-content\/uploads\/erlijo-plan-situation-1024x548.jpg\" alt=\"erlijo-plan-situation\" width=\"660\" height=\"353\" \/><\/a><\/p>\n<hr \/>\n<div class=\"agm-canvas\" id=\"agm-canvas\" style=\"margin: 0 auto; width:100%; height:400px;\"><\/div>\n<hr \/>\n<p>&nbsp;<\/p>\n<h1>Surfaces artisanales &amp; commerciales<\/h1>\n<h1>\u00e0 Pommerloch<\/h1>\n<h3>Hall multi-usager &#8211; modules de 250 &#8211; 800 m2<\/h3>\n<p>Espace\u00a0ouvert hauteur libre de 7,50 m am\u00e9nageable selon besoin, \u00e9tage, plate-forme sur rayonnage<\/p>\n<p>Conforme\u00a0\u00e0 la l\u00e9gislation Commodo\/incommodo classe C1, avec d\u00e9tection incendie et sprinklage<\/p>\n<p>Passage\u00a05 m couvert enti\u00e8rement d&#8217;un auvent avec vitrines ou portes sectionnelles hauteur 4,20 m<\/p>\n<p>B\u00e2timent \u00e0 niveau de performance \u00e9nerg\u00e9tique \u00e9lev\u00e9 avec chauffage au sol<\/p>\n<p>Acc\u00e8s plein pied<\/p>\n<p>Parking client\u00e8le et personel (avec espace r\u00e9serv\u00e9 pour personnes handicap\u00e9es)<\/p>\n<p>Sanitaires douches, bloc individuel et bloc commun<\/p>\n<p>R\u00e9seau digital \u00e0 haut d\u00e9bit, r\u00e9seau eau, canal,&#8230;<\/p>\n<p>Electricit\u00e9 distributeur 3&#215;40 A (extension sur demande)<\/p>\n<p>Aire de livraison partiellement couverte, acc\u00e8s direct poids lourds (\u00e9l\u00e9vateur \u00e0 fourches disponible)<\/p>\n<p>D\u00e9p\u00f4t de valorisation de d\u00e9chets<\/p>\n<p>Enseigne publicitaire en commun sur le b\u00e2timent et sur 2 totems le long de la N15<\/p>\n<p>Arr\u00eat de Bus: Lignes 537 Ettelbr\u00fcck &#8211; Bastogne; 622 Rambrouch \u2013 Wiltz; 635 Troisvierges &#8211; Wiltz<\/p>\n<p>Avantage commun possibilit\u00e9 de profiter d\u2019une entente d\u2019artisans et commer\u00e7ants (actions commerciales, portes ouvertes, \u00e9v\u00e9nements, publicit\u00e9s\u2026)<\/p>\n<p>Bastogne \u00a0: N4; E25 &#8211; 13km (12 min)<br \/>\nWiltz gare\u00a0: 8km (8 min)<br \/>\nEttelbr\u00fcck : A7 &#8211; 30km ( 25min)<\/p>\n<p>Commerces voisinants: Centre Commerciale Knauf; Foire Fouille; Tom\u00a0&amp;\u00a0Co; Lidl; Aldi; Renmans; Pal Center; Nord Pneu&#8230;<\/p>\n<p>Stations \u00e0 essence voisinantes\u00a0: Aral; Q8; Shell; Total<\/p>\n<p>H\u00e9bergement\u00a0: H\u00f4tel &#8211; B&amp;B \u2013 Restaurant Pommerloch<\/p>\n","protected":false},"excerpt":{"rendered":"<p>&nbsp; Surfaces artisanales &amp; commerciales \u00e0 Pommerloch Hall multi-usager &#8211; modules de 250 &#8211; 800 m2 Espace\u00a0ouvert hauteur libre de 7,50 m am\u00e9nageable selon besoin, \u00e9tage, plate-forme sur rayonnage Conforme\u00a0\u00e0 la l\u00e9gislation Commodo\/incommodo classe C1, avec d\u00e9tection incendie et sprinklage Passage\u00a05 m couvert enti\u00e8rement d&#8217;un auvent avec vitrines ou portes sectionnelles hauteur 4,20 m B\u00e2timent &hellip; <a href=\"https:\/\/erlijo.com\/\" class=\"more-link\"><span class=\"screen-reader-text\">Accueil<\/span> weiterlesen<\/a><\/p>\n","protected":false},"author":3,"featured_media":0,"parent":0,"menu_order":0,"comment_status":"closed","ping_status":"closed","template":"","meta":{"footnotes":""},"class_list":["post-2","page","type-page","status-publish","hentry"],"_links":{"self":[{"href":"https:\/\/erlijo.com\/index.php?rest_route=\/wp\/v2\/pages\/2","targetHints":{"allow":["GET"]}}],"collection":[{"href":"https:\/\/erlijo.com\/index.php?rest_route=\/wp\/v2\/pages"}],"about":[{"href":"https:\/\/erlijo.com\/index.php?rest_route=\/wp\/v2\/types\/page"}],"author":[{"embeddable":true,"href":"https:\/\/erlijo.com\/index.php?rest_route=\/wp\/v2\/users\/3"}],"replies":[{"embeddable":true,"href":"https:\/\/erlijo.com\/index.php?rest_route=%2Fwp%2Fv2%2Fcomments&post=2"}],"version-history":[{"count":34,"href":"https:\/\/erlijo.com\/index.php?rest_route=\/wp\/v2\/pages\/2\/revisions"}],"predecessor-version":[{"id":156,"href":"https:\/\/erlijo.com\/index.php?rest_route=\/wp\/v2\/pages\/2\/revisions\/156"}],"wp:attachment":[{"href":"https:\/\/erlijo.com\/index.php?rest_route=%2Fwp%2Fv2%2Fmedia&parent=2"}],"curies":[{"name":"wp","href":"https:\/\/api.w.org\/{rel}","templated":true}]}}